{"id":1321,"date":"2021-03-23T20:42:48","date_gmt":"2021-03-24T03:42:48","guid":{"rendered":"https:\/\/jessicanotini.com\/?page_id=1321"},"modified":"2022-12-27T23:30:27","modified_gmt":"2022-12-28T07:30:27","slug":"pagina-de-contacto","status":"publish","type":"page","link":"https:\/\/jessicanotini.com\/website\/pagina-de-contacto\/","title":{"rendered":"Contacto"},"content":{"rendered":"\n\n\t<h3>Informaci\u00f3n del Contacto<\/h3>\n<p><em>Notini Mediaci\u00f3n, Facilitaci\u00f3n y Capacitaci\u00f3n Servicios<\/em><\/p>\n<strong>Address<\/strong><br \/>\n1306 Summit Road, Lafayette CA 94549\n<strong>Tel\u00e9fono y Fax<\/strong><br \/>\n(925) 935-5011\n<strong>Tel\u00e9fono m\u00f3vil<\/strong><br \/>\n(925)586-0328\n<strong>Correo electr\u00f3nico<\/strong><br \/>\n<a href=\"&#109;a&#x69;l&#x74;o&#x3a;j&#x6e;o&#x74;i&#x6e;&#105;&#x40;&#103;&#x6d;&#97;&#x69;&#108;&#x2e;&#99;&#x6f;&#109;\" target=\"_blank\" rel=\"noopener\">&#x6a;&#110;&#111;t&#x69;&#x6e;&#105;&#64;&#x67;&#x6d;&#97;i&#x6c;&#x2e;&#99;o&#x6d;<\/a>\n\n","protected":false},"excerpt":{"rendered":"<p>Informaci\u00f3n del Contacto Notini Mediaci\u00f3n, Facilitaci\u00f3n y Capacitaci\u00f3n Servicios Address 1306 Summit Road, Lafayette CA 94549 Tel\u00e9fono y Fax (925) 935-5011 Tel\u00e9fono m\u00f3vil (925)586-0328 Correo electr\u00f3nico &#x6a;&#x6e;&#x6f;&#x74;&#x69;&#x6e;&#x69;&#x40;&#x67;&#x6d;&#x61;&#x69;&#x6c;&#x2e;&#99;&#111;&#109;<\/p>\n","protected":false},"author":1,"featured_media":0,"parent":0,"menu_order":0,"comment_status":"closed","ping_status":"closed","template":"page-templates\/full-width-builder-bb.php","meta":{"nf_dc_page":"","_crdt_document":"","footnotes":""},"class_list":["post-1321","page","type-page","status-publish","hentry"],"yoast_head":"<!-- This site is optimized with the Yoast SEO plugin v27.4 - https:\/\/yoast.com\/product\/yoast-seo-wordpress\/ -->\n<title>Contacto - Jessica Notini<\/title>\n<meta name=\"robots\" content=\"index, follow, max-snippet:-1, max-image-preview:large, max-video-preview:-1\" \/>\n<link rel=\"canonical\" href=\"https:\/\/jessicanotini.com\/website\/pagina-de-contacto\/\" \/>\n<meta property=\"og:locale\" content=\"en_US\" \/>\n<meta property=\"og:type\" content=\"article\" \/>\n<meta property=\"og:title\" content=\"Contacto - Jessica Notini\" \/>\n<meta property=\"og:description\" content=\"Informaci\u00f3n del Contacto Notini Mediaci\u00f3n, Facilitaci\u00f3n y Capacitaci\u00f3n Servicios Address 1306 Summit Road, Lafayette CA 94549 Tel\u00e9fono y Fax (925) 935-5011 Tel\u00e9fono m\u00f3vil (925)586-0328 Correo electr\u00f3nico &#106;&#x6e;&#111;&#x74;&#105;&#x6e;i&#x40;g&#109;&#x61;&#105;&#x6c;&#046;&#x63;o&#x6d;\" \/>\n<meta property=\"og:url\" content=\"https:\/\/jessicanotini.com\/website\/pagina-de-contacto\/\" \/>\n<meta property=\"og:site_name\" content=\"Jessica Notini\" \/>\n<meta property=\"article:modified_time\" content=\"2022-12-28T07:30:27+00:00\" \/>\n<meta name=\"twitter:label1\" content=\"Est. reading time\" \/>\n\t<meta name=\"twitter:data1\" content=\"1 minute\" \/>\n<script type=\"application\/ld+json\" class=\"yoast-schema-graph\">{\"@context\":\"https:\\\/\\\/schema.org\",\"@graph\":[{\"@type\":\"WebPage\",\"@id\":\"https:\\\/\\\/jessicanotini.com\\\/website\\\/pagina-de-contacto\\\/\",\"url\":\"https:\\\/\\\/jessicanotini.com\\\/website\\\/pagina-de-contacto\\\/\",\"name\":\"Contacto - Jessica Notini\",\"isPartOf\":{\"@id\":\"https:\\\/\\\/jessicanotini.com\\\/website\\\/#website\"},\"datePublished\":\"2021-03-24T03:42:48+00:00\",\"dateModified\":\"2022-12-28T07:30:27+00:00\",\"breadcrumb\":{\"@id\":\"https:\\\/\\\/jessicanotini.com\\\/website\\\/pagina-de-contacto\\\/#breadcrumb\"},\"inLanguage\":\"en-US\",\"potentialAction\":[{\"@type\":\"ReadAction\",\"target\":[\"https:\\\/\\\/jessicanotini.com\\\/website\\\/pagina-de-contacto\\\/\"]}]},{\"@type\":\"BreadcrumbList\",\"@id\":\"https:\\\/\\\/jessicanotini.com\\\/website\\\/pagina-de-contacto\\\/#breadcrumb\",\"itemListElement\":[{\"@type\":\"ListItem\",\"position\":1,\"name\":\"Home\",\"item\":\"https:\\\/\\\/jessicanotini.com\\\/website\\\/\"},{\"@type\":\"ListItem\",\"position\":2,\"name\":\"Contacto\"}]},{\"@type\":\"WebSite\",\"@id\":\"https:\\\/\\\/jessicanotini.com\\\/website\\\/#website\",\"url\":\"https:\\\/\\\/jessicanotini.com\\\/website\\\/\",\"name\":\"Jessica Notini\",\"description\":\"Mediation, Facilitation &amp; Training\",\"publisher\":{\"@id\":\"https:\\\/\\\/jessicanotini.com\\\/website\\\/#organization\"},\"potentialAction\":[{\"@type\":\"SearchAction\",\"target\":{\"@type\":\"EntryPoint\",\"urlTemplate\":\"https:\\\/\\\/jessicanotini.com\\\/website\\\/?s={search_term_string}\"},\"query-input\":{\"@type\":\"PropertyValueSpecification\",\"valueRequired\":true,\"valueName\":\"search_term_string\"}}],\"inLanguage\":\"en-US\"},{\"@type\":\"Organization\",\"@id\":\"https:\\\/\\\/jessicanotini.com\\\/website\\\/#organization\",\"name\":\"Jessica Notini\",\"url\":\"https:\\\/\\\/jessicanotini.com\\\/website\\\/\",\"logo\":{\"@type\":\"ImageObject\",\"inLanguage\":\"en-US\",\"@id\":\"https:\\\/\\\/jessicanotini.com\\\/website\\\/#\\\/schema\\\/logo\\\/image\\\/\",\"url\":\"https:\\\/\\\/i0.wp.com\\\/jessicanotini.com\\\/website\\\/wp-content\\\/uploads\\\/cropped-Copy-of-Jessica-Notini-Logo-3-1.png?fit=600%2C150&ssl=1\",\"contentUrl\":\"https:\\\/\\\/i0.wp.com\\\/jessicanotini.com\\\/website\\\/wp-content\\\/uploads\\\/cropped-Copy-of-Jessica-Notini-Logo-3-1.png?fit=600%2C150&ssl=1\",\"width\":600,\"height\":150,\"caption\":\"Jessica Notini\"},\"image\":{\"@id\":\"https:\\\/\\\/jessicanotini.com\\\/website\\\/#\\\/schema\\\/logo\\\/image\\\/\"}}]}<\/script>\n<!-- \/ Yoast SEO plugin. -->","yoast_head_json":{"title":"Contacto - Jessica Notini","robots":{"index":"index","follow":"follow","max-snippet":"max-snippet:-1","max-image-preview":"max-image-preview:large","max-video-preview":"max-video-preview:-1"},"canonical":"https:\/\/jessicanotini.com\/website\/pagina-de-contacto\/","og_locale":"en_US","og_type":"article","og_title":"Contacto - Jessica Notini","og_description":"Informaci\u00f3n del Contacto Notini Mediaci\u00f3n, Facilitaci\u00f3n y Capacitaci\u00f3n Servicios Address 1306 Summit Road, Lafayette CA 94549 Tel\u00e9fono y Fax (925) 935-5011 Tel\u00e9fono m\u00f3vil (925)586-0328 Correo electr\u00f3nico &#106;&#x6e;&#111;&#x74;&#105;&#x6e;i&#x40;g&#109;&#x61;&#105;&#x6c;&#46;&#x63;o&#x6d;","og_url":"https:\/\/jessicanotini.com\/website\/pagina-de-contacto\/","og_site_name":"Jessica Notini","article_modified_time":"2022-12-28T07:30:27+00:00","twitter_misc":{"Est. reading time":"1 minute"},"schema":{"@context":"https:\/\/schema.org","@graph":[{"@type":"WebPage","@id":"https:\/\/jessicanotini.com\/website\/pagina-de-contacto\/","url":"https:\/\/jessicanotini.com\/website\/pagina-de-contacto\/","name":"Contacto - Jessica Notini","isPartOf":{"@id":"https:\/\/jessicanotini.com\/website\/#website"},"datePublished":"2021-03-24T03:42:48+00:00","dateModified":"2022-12-28T07:30:27+00:00","breadcrumb":{"@id":"https:\/\/jessicanotini.com\/website\/pagina-de-contacto\/#breadcrumb"},"inLanguage":"en-US","potentialAction":[{"@type":"ReadAction","target":["https:\/\/jessicanotini.com\/website\/pagina-de-contacto\/"]}]},{"@type":"BreadcrumbList","@id":"https:\/\/jessicanotini.com\/website\/pagina-de-contacto\/#breadcrumb","itemListElement":[{"@type":"ListItem","position":1,"name":"Home","item":"https:\/\/jessicanotini.com\/website\/"},{"@type":"ListItem","position":2,"name":"Contacto"}]},{"@type":"WebSite","@id":"https:\/\/jessicanotini.com\/website\/#website","url":"https:\/\/jessicanotini.com\/website\/","name":"Jessica Notini","description":"Mediation, Facilitation &amp; Training","publisher":{"@id":"https:\/\/jessicanotini.com\/website\/#organization"},"potentialAction":[{"@type":"SearchAction","target":{"@type":"EntryPoint","urlTemplate":"https:\/\/jessicanotini.com\/website\/?s={search_term_string}"},"query-input":{"@type":"PropertyValueSpecification","valueRequired":true,"valueName":"search_term_string"}}],"inLanguage":"en-US"},{"@type":"Organization","@id":"https:\/\/jessicanotini.com\/website\/#organization","name":"Jessica Notini","url":"https:\/\/jessicanotini.com\/website\/","logo":{"@type":"ImageObject","inLanguage":"en-US","@id":"https:\/\/jessicanotini.com\/website\/#\/schema\/logo\/image\/","url":"https:\/\/i0.wp.com\/jessicanotini.com\/website\/wp-content\/uploads\/cropped-Copy-of-Jessica-Notini-Logo-3-1.png?fit=600%2C150&ssl=1","contentUrl":"https:\/\/i0.wp.com\/jessicanotini.com\/website\/wp-content\/uploads\/cropped-Copy-of-Jessica-Notini-Logo-3-1.png?fit=600%2C150&ssl=1","width":600,"height":150,"caption":"Jessica Notini"},"image":{"@id":"https:\/\/jessicanotini.com\/website\/#\/schema\/logo\/image\/"}}]}},"jetpack_sharing_enabled":true,"_links":{"self":[{"href":"https:\/\/jessicanotini.com\/website\/wp-json\/wp\/v2\/pages\/1321","targetHints":{"allow":["GET"]}}],"collection":[{"href":"https:\/\/jessicanotini.com\/website\/wp-json\/wp\/v2\/pages"}],"about":[{"href":"https:\/\/jessicanotini.com\/website\/wp-json\/wp\/v2\/types\/page"}],"author":[{"embeddable":true,"href":"https:\/\/jessicanotini.com\/website\/wp-json\/wp\/v2\/users\/1"}],"replies":[{"embeddable":true,"href":"https:\/\/jessicanotini.com\/website\/wp-json\/wp\/v2\/comments?post=1321"}],"version-history":[{"count":7,"href":"https:\/\/jessicanotini.com\/website\/wp-json\/wp\/v2\/pages\/1321\/revisions"}],"predecessor-version":[{"id":1656,"href":"https:\/\/jessicanotini.com\/website\/wp-json\/wp\/v2\/pages\/1321\/revisions\/1656"}],"wp:attachment":[{"href":"https:\/\/jessicanotini.com\/website\/wp-json\/wp\/v2\/media?parent=1321"}],"curies":[{"name":"wp","href":"https:\/\/api.w.org\/{rel}","templated":true}]}}